{"id":1255,"date":"2023-12-10T21:59:27","date_gmt":"2023-12-11T00:59:27","guid":{"rendered":"https:\/\/ampla.ind.br\/?page_id=1255"},"modified":"2024-03-15T09:38:11","modified_gmt":"2024-03-15T12:38:11","slug":"ampla","status":"publish","type":"page","link":"https:\/\/ampla.ind.br\/es\/ampla\/","title":{"rendered":"Ampla"},"content":{"rendered":"\n\t\t<section class=\"content\">\n\n    \t\t<div class=\"container\">\n\t    \t\t<div class=\"row justify-content-center\">\n\n\t    \t\t\t<div class=\"col-md-10\">\n\t    \t\t\t\t\n\t    \t\t\t\t<div class=\"page-header pb-md-5 mb-4 mt-5 pt-1\">\n\t\t\t\t\t\t  <h1 class=\"page-title text-center\">Sobre a Ampla<\/h1>\n\t\t\t\t\t\t<\/div>\n\n\t\t\t\t\t\t<div class=\"content-text text-center collapse\" id=\"collapseText\">\n\t\t\t\t\t\t\t\n\t\t\t\t\t\t\t<p>Somos uma empresa de Tecnologia Industrial do ramo metal mec\u00e2nico, que desenvolve e produz solu\u00e7\u00f5es em m\u00e1quinas, equipamentos e automa\u00e7\u00e3o, com foco no aumento da produtividade e da qualidade para Ind\u00fastrias Aliment\u00edcias, Ind\u00fastrias de \u00d3leos e Biodiesel, Etanol e Automa\u00e7\u00e3o Industrial.<\/p>\n<p>Fornecemos desde um \u00fanico equipamento at\u00e9 uma solu\u00e7\u00e3o completa projetada ou personalizada chave na m\u00e3o, pronta para usar. Nosso maior comprometimento \u00e9 garantir produtos e servi\u00e7os de alta qualidade aos nossos clientes.<\/p>\n<p>Estamos localizados na regi\u00e3o norte do Rio Grande do Sul, no munic\u00edpio de Get\u00falio Vargas. Contamos com uma \u00e1rea fabril de 99.000m\u00b2, proporcionando um ambiente espa\u00e7oso e moderno para nossas opera\u00e7\u00f5es. Al\u00e9m disso, nossa \u00e1rea constru\u00edda abrange 20.000m\u00b2, onde concentramos nossas atividades de produ\u00e7\u00e3o.<\/p>\n<p>Temos orgulho de contar com uma equipe de mais de 400 profissionais motivados e engajados, que s\u00e3o o cora\u00e7\u00e3o do nosso sucesso. Nossos colaboradores trabalham sempre em conjunto para atender \u00e0s necessidades de nossos clientes de maneira eficiente e eficaz. Valorizamos muito a inova\u00e7\u00e3o e a excel\u00eancia em todas as \u00e1reas. Investimos continuamente em tecnologia e processos de fabrica\u00e7\u00e3o avan\u00e7ados, a fim de garantir qualidade em todos os nossos produtos e servi\u00e7os. O compromisso com a qualidade \u00e9 um dos pilares da nossa empresa. Navegue pelo site para conhecer mais sobre os nossos produtos, servi\u00e7os e hist\u00f3ria. Estamos \u00e0 disposi\u00e7\u00e3o para atender \u00e0s suas necessidades e demandas e sanar suas d\u00favidas.<\/p>\n\t\t\t\t\t\t\t\n\t\t\t\t\t\t<\/div>\n\n\t\t\t\t\t\t<p class=\"text-center mask-text\">\n\t\t\t\t\t\t  <a class=\"btn btn-primary\" data-bs-toggle=\"collapse\" href=\"#collapseText\" role=\"button\" aria-expanded=\"false\" aria-controls=\"collapseText\">Ver m\u00e1s<\/a>\n\t\t\t\t\t\t<\/p>\n\n\t\t\t\t\t<\/div>\n\n\t    \t\t<\/div>\n\t    \t<\/div>\n\t    \t\n\t    <\/section>\n\n\n\t\t<section class=\"content\">\n\n\t    \t<div class=\"container-fluid gal\">\n\t    \t\t<div class=\"row\">\n\n\t    \t\t\t<div class=\"col-12 mb-3 text-center\">\n\n\t    \t\t\t\t<h2 class=\"sub-title\">Galeria de fotos<\/h2>\n\n\t    \t\t\t\t<p class=\"mt-1 mb-4\">Conhe\u00e7a um pouco mais do nosso trabalho<\/p>\n\n\t    \t\t\t<\/div>\n\n\t    \t\t\t\n\t    \t\t\t<div class=\"col-md-10 offset-md-2 pr-0\">\n\t\t    \t\t\t<div class=\"swiper slide-GalFotosHistory mask-text\">\n\n\t\t\t\t\t\t    <div class=\"swiper-wrapper\">\n\t\t\t\t\t\t      \n\t\t\t\t\t\t\t\t  <div class=\"swiper-slide\" role=\"gallery\">\n\t\t\t\t\t\t      \t<img decoding=\"async\" src=\"https:\/\/ampla.ind.br\/wp-content\/uploads\/2023\/12\/foto-gal-1.png\">\n\t\t\t\t\t\t      <\/div>\n\t\t\t\t\t\t\t\t  <div class=\"swiper-slide\" role=\"gallery\">\n\t\t\t\t\t\t      \t<img decoding=\"async\" src=\"https:\/\/ampla.ind.br\/wp-content\/uploads\/2023\/12\/foto-gal-2.png\">\n\t\t\t\t\t\t      <\/div>\n\t\t\t\t\t\t\t\t  <div class=\"swiper-slide\" role=\"gallery\">\n\t\t\t\t\t\t      \t<img decoding=\"async\" src=\"https:\/\/ampla.ind.br\/wp-content\/uploads\/2023\/12\/foto-gal-1-1.png\">\n\t\t\t\t\t\t      <\/div>\n\t\t\t\t\t\t\t      \n\t\t\t\t\t\t    <\/div>\n\n\t\t\t\t\t\t    <div class=\"navgation-slider\">\n\t\t\t\t\t\t\t    <div class=\"GalFotosHistory-next swiper-button-next\"><\/div>\n\t\t    \t\t\t\t\t<div class=\"GalFotosHistory-prev swiper-button-prev\"><\/div>\n\t\t    \t\t\t\t\t<div class=\"GalFotosHistory-pagination swiper-pagination\"><\/div>\n\t\t    \t\t\t\t<\/div>\n\n\t\t    \t\t\t<\/div>\n\t\t    \t\t<\/div>\n\n\t    \t\t<\/div>\n\t    \t<\/div>\n\n\t    <\/section>\n\n\n\t\t<section class=\"section-time-line\">\n\t    \t<div class=\"container\">\n\t    \t\t<div class=\"row\">\n\n\t    \t\t\t<div class=\"col-12 mb-4 text-center\">\n\t    \t\t\t\t<h2 class=\"sub-title\">Linha do tempo<\/h2>\n\t    \t\t\t<\/div>\n\n\t    \t\t\t<div class=\"col-12\">\n\t\t    \t\t\t<div class=\"swiper slide-timeline\">\n\n\t\t\t\t\t\t    <div class=\"swiper-wrapper\">\n\t\t\t\t\t\t      \n\t\t\t\t\t\t\t  \t  <div class=\"swiper-slide\" role=\"timeline\">\n\t\t\t\t\t\t      \t<div class=\"col-lg-4\">\n\t\t\t\t\t\t      \t\t<h3>1979<\/h3>\n\t\t\t\t\t\t      \t<\/div>\n\t\t\t\t\t\t      \t<div class=\"col-lg-7 offset-md-1\">\n\t\t\t\t\t\t      \t\t<h4 class=\"mb-4\">Onde  tudo come\u00e7ou<\/h4>\n\t\t\t\t\t\t      \t\t<p>A empresa foi fundada em 08 de Maio de 1979, no munic\u00edpio de Erebango\/RS, por Clementino Anzolin, produzindo m\u00e1quinas para empacotamento de p\u00f3s e granulados.<\/p>\n\t\t\t\t\t\t      \t<\/div>\n\t\t\t\t\t\t      <\/div>\n\t\t\t\t\t\t\t  \t  <div class=\"swiper-slide\" role=\"timeline\">\n\t\t\t\t\t\t      \t<div class=\"col-lg-4\">\n\t\t\t\t\t\t      \t\t<h3>1995<\/h3>\n\t\t\t\t\t\t      \t<\/div>\n\t\t\t\t\t\t      \t<div class=\"col-lg-7 offset-md-1\">\n\t\t\t\t\t\t      \t\t<h4 class=\"mb-4\">Nova linha de produtos<\/h4>\n\t\t\t\t\t\t      \t\t<p>Estendemos nossa linha de produtos nos segmentos de ra\u00e7\u00e3o, farinhas e ervateiras. Inclu\u00edmos sistema de pesagem eletr\u00f4nico nos equipamentos.\r\n<\/p>\n\t\t\t\t\t\t      \t<\/div>\n\t\t\t\t\t\t      <\/div>\n\t\t\t\t\t\t\t  \t  <div class=\"swiper-slide\" role=\"timeline\">\n\t\t\t\t\t\t      \t<div class=\"col-lg-4\">\n\t\t\t\t\t\t      \t\t<h3>2004<\/h3>\n\t\t\t\t\t\t      \t<\/div>\n\t\t\t\t\t\t      \t<div class=\"col-lg-7 offset-md-1\">\n\t\t\t\t\t\t      \t\t<h4 class=\"mb-4\">Mudan\u00e7a e crescimento<\/h4>\n\t\t\t\t\t\t      \t\t<p>Mudamos para o munic\u00edpio de Get\u00falio Vargas\/RS e passamos a atuar no desenvolvimento de projetos de equipamentos e servi\u00e7os de automa\u00e7\u00e3o, incluindo montagens mec\u00e2nicas e el\u00e9tricas.\r\n<\/p>\n\t\t\t\t\t\t      \t<\/div>\n\t\t\t\t\t\t      <\/div>\n\t\t\t\t\t\t\t  \t  <div class=\"swiper-slide\" role=\"timeline\">\n\t\t\t\t\t\t      \t<div class=\"col-lg-4\">\n\t\t\t\t\t\t      \t\t<h3>2005<\/h3>\n\t\t\t\t\t\t      \t<\/div>\n\t\t\t\t\t\t      \t<div class=\"col-lg-7 offset-md-1\">\n\t\t\t\t\t\t      \t\t<h4 class=\"mb-4\">Parcerias<\/h4>\n\t\t\t\t\t\t      \t\t<p>Passamos a fornecer solu\u00e7\u00f5es completas em equipamentos para novas plantas de extra\u00e7\u00e3o de \u00f3leos vegetais e biodiesel, em parceria com a Somar Engenharia de Processos.<\/p>\n\t\t\t\t\t\t      \t<\/div>\n\t\t\t\t\t\t      <\/div>\n\t\t\t\t\t\t\t  \t  <div class=\"swiper-slide\" role=\"timeline\">\n\t\t\t\t\t\t      \t<div class=\"col-lg-4\">\n\t\t\t\t\t\t      \t\t<h3>2015<\/h3>\n\t\t\t\t\t\t      \t<\/div>\n\t\t\t\t\t\t      \t<div class=\"col-lg-7 offset-md-1\">\n\t\t\t\t\t\t      \t\t<h4 class=\"mb-4\">Al\u00e9m das Fronteiras<\/h4>\n\t\t\t\t\t\t      \t\t<p>Firmamos parceria com a empresa turca Alapala, o que nos habilitou a fornecer solu\u00e7\u00f5es completas em equipamentos para plantas de moagem de trigo, milho e arroz, sejam elas novas ou upgrades.<\/p>\n\t\t\t\t\t\t      \t<\/div>\n\t\t\t\t\t\t      <\/div>\n\t\t\t\t\t\t\t  \t  <div class=\"swiper-slide\" role=\"timeline\">\n\t\t\t\t\t\t      \t<div class=\"col-lg-4\">\n\t\t\t\t\t\t      \t\t<h3>2021<\/h3>\n\t\t\t\t\t\t      \t<\/div>\n\t\t\t\t\t\t      \t<div class=\"col-lg-7 offset-md-1\">\n\t\t\t\t\t\t      \t\t<h4 class=\"mb-4\">Novos Horizontes<\/h4>\n\t\t\t\t\t\t      \t\t<p>Buscando entrar em novos mercados, passamos a fornecer equipamentos para o segmento de ind\u00fastrias produtoras de Etanol, WDG e DDGS.<\/p>\n\t\t\t\t\t\t      \t<\/div>\n\t\t\t\t\t\t      <\/div>\n\t\t\t\t\t\t\t  \t  <div class=\"swiper-slide\" role=\"timeline\">\n\t\t\t\t\t\t      \t<div class=\"col-lg-4\">\n\t\t\t\t\t\t      \t\t<h3>2022 <span>e<\/span> 2023<\/h3>\n\t\t\t\t\t\t      \t<\/div>\n\t\t\t\t\t\t      \t<div class=\"col-lg-7 offset-md-1\">\n\t\t\t\t\t\t      \t\t<h4 class=\"mb-4\">Os pioneiros<\/h4>\n\t\t\t\t\t\t      \t\t<p>Implanta\u00e7\u00e3o da primeira planta de Etanol de Gr\u00e3os Amil\u00e1ceos do Rio Grande do Sul, com tecnologia 100% Nacional e fabrica\u00e7\u00e3o 100% ga\u00facha. Um marco hist\u00f3rico para n\u00f3s e para o estado do Rio Grande do Sul.<\/p>\n\t\t\t\t\t\t      \t<\/div>\n\t\t\t\t\t\t      <\/div>\n\t\n\t\t\t\t\t\t    <\/div>\n\n\t\t\t\t\t\t\t<div class=\"timeline-next swiper-button-next\"><\/div>\n\t    \t\t\t\t\t<div class=\"timeline-prev swiper-button-prev\"><\/div>\n\t    \t\t\t\t\t<div class=\"timeline-pagination swiper-pagination\"><\/div>\n\n\t\t    \t\t\t<\/div>\n\t\t    \t\t<\/div>\n\n\t    \t\t<\/div>\n\t    \t<\/div>\n\t    <\/section>\n\n\n\t\t<section class=\"section-mvv\">\n\t    \t<div class=\"container\">\n\t    \t\t\n\t    \t\t<div class=\"row\">\n\n\t    \t\t\t<div class=\"col-12\">\n\t    \t\t\t\t<a data-fancybox href=\"https:\/\/www.youtube.com\/watch?v=https:\/\/youtu.be\/4q8QHmqPT50?si=chmuR_t3c1cJKw_c\" class=\"video\" title=\"Ver v\u00eddeo\">\t\t\t\t\t\t\t\n\t\t\t\t\t\t\t<div class=\"video\">\n\t    \t\t\t\t\t\t<img decoding=\"async\" src=\"https:\/\/ampla.ind.br\/wp-content\/uploads\/2023\/12\/foto-video.png\" alt=\"V\u00eddeo de YouTube\">\n\t\t\t\t\t\t\t\t<button name=\"bt-video\" class=\"btn-video-play\"><\/button>\t    \t\t\t\t\t\n\t\t\t\t\t\t\t<\/div>\n\t\t\t\t\t\t<\/a>\n\t    \t\t\t<\/div>\n\n\t    \t\t<\/div>\n\n\t    \t<\/div>\n\t    <\/section>\n\n\n\n\n\t\t<section class=\"section-text-cols\">\n\t    \t<div class=\"container\">\n\t    \t\t\n\t    \t\t<div class=\"row\">\n\t    \t\t\t\n\t    \t\t\t<div class=\"col-md-4\">\n\t    \t\t\t\t<h5 class=\"mb-3\">Miss\u00e3o<\/h5>\n\n\t    \t\t\t\t<p><span style=\"font-weight: 400;\">Nossa miss\u00e3o \u00e9 fornecer solu\u00e7\u00f5es inovadoras em equipamentos e servi\u00e7os e garantir performance, efici\u00eancia e a produtividade de plantas industriais nos segmentos de alimentos, \u00f3leos, biodiesel, etanol e automa\u00e7\u00e3o industrial.<\/span><\/p>\n<p><span style=\"font-weight: 400;\">Estamos comprometidos em apoiar o crescimento de nossos clientes, oferecendo solu\u00e7\u00f5es inovadoras e suporte p\u00f3s venda qualificado, para que possam alcan\u00e7ar o m\u00e1ximo potencial em suas opera\u00e7\u00f5es.<\/span><\/p>\n\t    \t\t\t<\/div>\n\n\t    \t\t\t<div class=\"col-md-7 offset-md-1\">\n\t    \t\t\t\t<h5 class=\"mb-3\">Vis\u00e3o<\/h5>\n\n\t    \t\t\t\t<p><span style=\"font-weight: 400;\">Visamos para o futuro alcan\u00e7ar reconhecimento nacional e internacional como a empresa s\u00f3lida e confi\u00e1vel que somos. Com o uso de tecnologias avan\u00e7adas, buscamos atuar com equipes capacitadas e comprometidas com a qualidade dos produtos e servi\u00e7os oferecidos. Nossa meta \u00e9 ser l\u00edder no mercado, fornecendo solu\u00e7\u00f5es inovadoras e superando as expectativas dos nossos clientes.<\/span><\/p>\n<p><span style=\"font-weight: 400;\">Estamos constantemente investindo em pesquisa e desenvolvimento para garantir que estejamos sempre \u00e0 frente das demandas e tend\u00eancias do mercado.<\/span><\/p>\n<p><span style=\"font-weight: 400;\">Acreditamos que a excel\u00eancia e a integridade s\u00e3o fundamentais para o nosso sucesso e nos esfor\u00e7amos para oferecer o melhor em todos os aspectos do nosso neg\u00f3cio.<\/span><\/p>\n\t    \t\t\t<\/div>\n\n\t    \t\t<\/div>\n\n\t    \t<\/div>\n\t    <\/section>\n\n\n\t\t<section class=\"section-icons\">\n\t    \t<div class=\"container\">\n\t    \t\t<div class=\"row\">\n\t    \t\t\t\n\t    \t\t\t<div class=\"col-12 content-valores\">\n\n\t    \t\t\t\t<h5 class=\"mb-4\">Valores<\/h5>\n\t    \t\t\t\t\n\t    \t\t\t\t\n\t    \t\t\t\t<div class=\"swiper slide-valores\">\n\t\t    \t\t\t\t<ul class=\"swiper-wrapper list-valores\">\n\n\t\t\t\t\t\t\t\t\t<li class=\"swiper-slide\" role=\"icons\">\n\t\t    \t\t\t\t\t\t\n\t\t\t\t    \t\t\t\t\t\t<i class=\"icons mb-3\"><img decoding=\"async\" src=\"https:\/\/ampla.ind.br\/wp-content\/uploads\/2023\/12\/qualidade.svg\" alt=\"Qualidade\"><\/i>\n\t\t\t\t\n\t\t\t\t\t\t\t\t\n\t\t    \t\t\t\t\t\t<span>Qualidade<\/span>\n\t\t\t\t    \t\t\t\t\t<\/li>\n\t\t\t\t\t\t\t\t\t<li class=\"swiper-slide\" role=\"icons\">\n\t\t    \t\t\t\t\t\t\n\t\t\t\t    \t\t\t\t\t\t<i class=\"icons mb-3\"><img decoding=\"async\" src=\"https:\/\/ampla.ind.br\/wp-content\/uploads\/2023\/12\/honestidade.svg\" alt=\"Honestidade\"><\/i>\n\t\t\t\t\n\t\t\t\t\t\t\t\t\n\t\t    \t\t\t\t\t\t<span>Honestidade<\/span>\n\t\t\t\t    \t\t\t\t\t<\/li>\n\t\t\t\t\t\t\t\t\t<li class=\"swiper-slide\" role=\"icons\">\n\t\t    \t\t\t\t\t\t\n\t\t\t\t    \t\t\t\t\t\t<i class=\"icons mb-3\"><img decoding=\"async\" src=\"https:\/\/ampla.ind.br\/wp-content\/uploads\/2023\/12\/eficiencia.svg\" alt=\"Efici\u00eancia\"><\/i>\n\t\t\t\t\n\t\t\t\t\t\t\t\t\n\t\t    \t\t\t\t\t\t<span>Efici\u00eancia<\/span>\n\t\t\t\t    \t\t\t\t\t<\/li>\n\t\t\t\t\t\t\t\t\t<li class=\"swiper-slide\" role=\"icons\">\n\t\t    \t\t\t\t\t\t\n\t\t\t\t    \t\t\t\t\t\t<i class=\"icons mb-3\"><img decoding=\"async\" src=\"https:\/\/ampla.ind.br\/wp-content\/uploads\/2023\/12\/produtividade.svg\" alt=\"Produtividade\"><\/i>\n\t\t\t\t\n\t\t\t\t\t\t\t\t\n\t\t    \t\t\t\t\t\t<span>Produtividade<\/span>\n\t\t\t\t    \t\t\t\t\t<\/li>\n\t\t\t\t\t\t\t\t\t<li class=\"swiper-slide\" role=\"icons\">\n\t\t    \t\t\t\t\t\t\n\t\t\t\t    \t\t\t\t\t\t<i class=\"icons mb-3\"><img decoding=\"async\" src=\"https:\/\/ampla.ind.br\/wp-content\/uploads\/2023\/12\/seguranca.svg\" alt=\"Seguran\u00e7a\"><\/i>\n\t\t\t\t\n\t\t\t\t\t\t\t\t\n\t\t    \t\t\t\t\t\t<span>Seguran\u00e7a<\/span>\n\t\t\t\t    \t\t\t\t\t<\/li>\n\t\n\t\t    \t\t\t\t<\/ul>\n\t\t    \t\t\t<\/div>\n\n\t    \t\t\t<\/div>\n\n\t    \t\t<\/div>\n\n\t    \t<\/div>\n\t    <\/section>\n\n\n\t\t<section class=\"call-to-action bg-alice-blue\">\n\t\t    <div class=\"container-fluid\">\n\t\t      <div class=\"row align-items-center\">\n\t\t        <div class=\"content container\">\n\t\t          \n\n\t\t          <div class=\"row\">\n\n\t\t            <div class=\"col-lg-5\">\n\t\t              \n\t\t              <span class=\"call-to-action__info graphism-title\"><span class=\"graphism graphism-left\"><\/span>Fa\u00e7a parte da Ampla<\/span>\n\n\t\t              \n\t\t              <h1 class=\"call-to-action__title\">Trabalhe conosco<\/h1>\n\n\t\t              \n\t\t              <ul class=\"nav call-to-action__list\">\n<li class=\"nav-item\">\u00a0Equipe altamente especializada em engenharia industrial<\/li>\n<li class=\"nav-item\"><i class=\"fa fa-check text-primary mr-1\" aria-hidden=\"true\"><\/i>\u00a0Solu\u00e7\u00f5es customizadas<\/li>\n<li class=\"nav-item\"><i class=\"fa fa-check text-primary mr-1\" aria-hidden=\"true\"><\/i>\u00a0Log\u00edstica eficiente para entregas globais<\/li>\n<li class=\"nav-item\"><i class=\"fa fa-check text-primary mr-1\" aria-hidden=\"true\"><\/i>\u00a0Foco no atendimento ao cliente e parcerias duradouras<\/li>\n<\/ul>\n\t\t              \n\t\t              <a href=\"https:\/\/ampla.ind.br\/trabalhe-conosco\/\"   class=\"btn bg-primary\" title=\"saiba mais\">saiba mais<\/a>\n\t\t                \n\t\t          \t<\/div>\n\n\t\t          \t<div class=\"col-lg-7 box-imagem\">\n\t\t\t          \t<img decoding=\"async\" src=\"https:\/\/ampla.ind.br\/wp-content\/uploads\/2023\/12\/foto-faca-parte-ampla.png\" title=\"Trabalhe conosco\">\n\t\t\t        <\/div>\n\n\t\t          <\/div>\n\n\t\t        <\/div>\n\t\t      <\/div>\n\t\t    <\/div>\n\t\t<\/section>","protected":false},"excerpt":{"rendered":"","protected":false},"author":1,"featured_media":0,"parent":0,"menu_order":0,"comment_status":"closed","ping_status":"closed","template":"page-sobre.php","meta":{"_acf_changed":false,"footnotes":""},"class_list":["post-1255","page","type-page","status-publish","hentry"],"acf":[],"yoast_head":"<!-- This site is optimized with the Yoast SEO plugin v27.2 - https:\/\/yoast.com\/product\/yoast-seo-wordpress\/ -->\n<title>Ampla - Ampla Performance Industrial<\/title>\n<meta name=\"robots\" content=\"index, follow, max-snippet:-1, max-image-preview:large, max-video-preview:-1\" \/>\n<link rel=\"canonical\" href=\"https:\/\/ampla.ind.br\/ampla\/\" \/>\n<meta property=\"og:locale\" content=\"es_ES\" \/>\n<meta property=\"og:type\" content=\"article\" \/>\n<meta property=\"og:title\" content=\"Ampla - Ampla Performance Industrial\" \/>\n<meta property=\"og:url\" content=\"https:\/\/ampla.ind.br\/ampla\/\" \/>\n<meta property=\"og:site_name\" content=\"Ampla Performance Industrial\" \/>\n<meta property=\"article:modified_time\" content=\"2024-03-15T12:38:11+00:00\" \/>\n<meta name=\"twitter:card\" content=\"summary_large_image\" \/>\n<script type=\"application\/ld+json\" class=\"yoast-schema-graph\">{\"@context\":\"https:\/\/schema.org\",\"@graph\":[{\"@type\":\"WebPage\",\"@id\":\"https:\/\/ampla.ind.br\/ampla\/\",\"url\":\"https:\/\/ampla.ind.br\/ampla\/\",\"name\":\"Ampla - Ampla Performance Industrial\",\"isPartOf\":{\"@id\":\"https:\/\/ampla.ind.br\/en\/#website\"},\"datePublished\":\"2023-12-11T00:59:27+00:00\",\"dateModified\":\"2024-03-15T12:38:11+00:00\",\"breadcrumb\":{\"@id\":\"https:\/\/ampla.ind.br\/ampla\/#breadcrumb\"},\"inLanguage\":\"es\",\"potentialAction\":[{\"@type\":\"ReadAction\",\"target\":[\"https:\/\/ampla.ind.br\/ampla\/\"]}]},{\"@type\":\"BreadcrumbList\",\"@id\":\"https:\/\/ampla.ind.br\/ampla\/#breadcrumb\",\"itemListElement\":[{\"@type\":\"ListItem\",\"position\":1,\"name\":\"In\u00edcio\",\"item\":\"https:\/\/ampla.ind.br\/es\/\"},{\"@type\":\"ListItem\",\"position\":2,\"name\":\"Ampla\"}]},{\"@type\":\"WebSite\",\"@id\":\"https:\/\/ampla.ind.br\/en\/#website\",\"url\":\"https:\/\/ampla.ind.br\/en\/\",\"name\":\"Ampla Performance Industrial\",\"description\":\"\",\"potentialAction\":[{\"@type\":\"SearchAction\",\"target\":{\"@type\":\"EntryPoint\",\"urlTemplate\":\"https:\/\/ampla.ind.br\/en\/?s={search_term_string}\"},\"query-input\":{\"@type\":\"PropertyValueSpecification\",\"valueRequired\":true,\"valueName\":\"search_term_string\"}}],\"inLanguage\":\"es\"}]}<\/script>\n<!-- \/ Yoast SEO plugin. -->","yoast_head_json":{"title":"Ampla - Ampla Performance Industrial","robots":{"index":"index","follow":"follow","max-snippet":"max-snippet:-1","max-image-preview":"max-image-preview:large","max-video-preview":"max-video-preview:-1"},"canonical":"https:\/\/ampla.ind.br\/ampla\/","og_locale":"es_ES","og_type":"article","og_title":"Ampla - Ampla Performance Industrial","og_url":"https:\/\/ampla.ind.br\/ampla\/","og_site_name":"Ampla Performance Industrial","article_modified_time":"2024-03-15T12:38:11+00:00","twitter_card":"summary_large_image","schema":{"@context":"https:\/\/schema.org","@graph":[{"@type":"WebPage","@id":"https:\/\/ampla.ind.br\/ampla\/","url":"https:\/\/ampla.ind.br\/ampla\/","name":"Ampla - Ampla Performance Industrial","isPartOf":{"@id":"https:\/\/ampla.ind.br\/en\/#website"},"datePublished":"2023-12-11T00:59:27+00:00","dateModified":"2024-03-15T12:38:11+00:00","breadcrumb":{"@id":"https:\/\/ampla.ind.br\/ampla\/#breadcrumb"},"inLanguage":"es","potentialAction":[{"@type":"ReadAction","target":["https:\/\/ampla.ind.br\/ampla\/"]}]},{"@type":"BreadcrumbList","@id":"https:\/\/ampla.ind.br\/ampla\/#breadcrumb","itemListElement":[{"@type":"ListItem","position":1,"name":"In\u00edcio","item":"https:\/\/ampla.ind.br\/es\/"},{"@type":"ListItem","position":2,"name":"Ampla"}]},{"@type":"WebSite","@id":"https:\/\/ampla.ind.br\/en\/#website","url":"https:\/\/ampla.ind.br\/en\/","name":"Ampla Performance Industrial","description":"","potentialAction":[{"@type":"SearchAction","target":{"@type":"EntryPoint","urlTemplate":"https:\/\/ampla.ind.br\/en\/?s={search_term_string}"},"query-input":{"@type":"PropertyValueSpecification","valueRequired":true,"valueName":"search_term_string"}}],"inLanguage":"es"}]}},"_links":{"self":[{"href":"https:\/\/ampla.ind.br\/es\/wp-json\/wp\/v2\/pages\/1255","targetHints":{"allow":["GET"]}}],"collection":[{"href":"https:\/\/ampla.ind.br\/es\/wp-json\/wp\/v2\/pages"}],"about":[{"href":"https:\/\/ampla.ind.br\/es\/wp-json\/wp\/v2\/types\/page"}],"author":[{"embeddable":true,"href":"https:\/\/ampla.ind.br\/es\/wp-json\/wp\/v2\/users\/1"}],"replies":[{"embeddable":true,"href":"https:\/\/ampla.ind.br\/es\/wp-json\/wp\/v2\/comments?post=1255"}],"version-history":[{"count":7,"href":"https:\/\/ampla.ind.br\/es\/wp-json\/wp\/v2\/pages\/1255\/revisions"}],"predecessor-version":[{"id":2170,"href":"https:\/\/ampla.ind.br\/es\/wp-json\/wp\/v2\/pages\/1255\/revisions\/2170"}],"wp:attachment":[{"href":"https:\/\/ampla.ind.br\/es\/wp-json\/wp\/v2\/media?parent=1255"}],"curies":[{"name":"wp","href":"https:\/\/api.w.org\/{rel}","templated":true}]}}