{"id":1172,"date":"2023-12-10T21:58:18","date_gmt":"2023-12-11T00:58:18","guid":{"rendered":"https:\/\/ampla.ind.br\/servicos\/"},"modified":"2023-12-28T16:12:40","modified_gmt":"2023-12-28T19:12:40","slug":"services","status":"publish","type":"page","link":"https:\/\/ampla.ind.br\/en\/services\/","title":{"rendered":"Services"},"content":{"rendered":"\n\t\n\t\n\t<section class=\"services service-\">\n\t\t<div class=\"container\">\n\n\n\t\t  <div class=\"row justify-content-center\">\n\t\t\t\n\t\t\t<div class=\"col-md-6 pr-md-5\">\n\t\t\t\n\t\t\t\t\t  \n\t\t\t  <h2 class=\"services__title graphism-title\">Services<\/h2>\n\n\t\t\t \n\t\t\t  <div class=\"accordion\" id=\"servicesAccordion\" role=\"tablist\" aria-multiselectable=\"true\">\n\n\t\t\t\t\t<div class=\"services-accordion\">\n\t\t\t\t\t<div class=\"services-accordion-header\" id=\"service1411\">\n\t\t\t\t\t  <a data-bs-toggle=\"collapse\" class=\"accordion-toggle\" data-parent=\"#servicesAccordion\" href=\"#service-1411\" aria-expanded=\"false\" aria-controls=\"service-1411\">\n\t\t\t\t\t\t<div class=\"open-detail float-right\">\n\t\t\t\t\t\t  <i class=\"fa fa-plus\" aria-hidden=\"true\"><\/i>\n\t\t\t\t\t\t  <i class=\"fa fa-minus\" aria-hidden=\"true\"><\/i>\n\t\t\t\t\t\t<\/div>\n\t\t\t\t\t\t<h5 class=\"accordion__title\">Boilermaker<\/h5>\n\t\t\t\t\t  <\/a>\n\t\t\t\t\t<\/div>\n\t\t\t\t    <div id=\"service-1411\" class=\"collapse in \" aria-labelledby=\"service-1411\">\n\t\t\t\t\t  <div class=\"services-content\">\n\t\t\t\t\t  \t<p><!-- wp:paragraph -->\n<p>We manufacture equipment designed in various configurations and dimensions in accordance with national and international standards such as ASME and TEMA. Additionally, we have an engineering technical team with experience in manufacturing processes and quality assurance. We also have highly skilled and qualified welders and inspectors.<\/p>\n<!-- \/wp:paragraph -->\n\n<!-- wp:paragraph -->\n<p>We have Plasma and Water Jet cutting systems that allow us to manufacture ferrous and non-ferrous metal alloys with a thickness of up to 250mm. The Water Jet cutting system provides excellent finishing and precision cutting, with a wide range of materials.&nbsp;<\/p>\n<!-- \/wp:paragraph -->\n\n<!-- wp:paragraph -->\n<p>For heat exchanger refurbishments, we have the capacity to cut tube bundles up to 2000 mm in diameter.&nbsp;<\/p>\n<!-- \/wp:paragraph -->\n\n<!-- wp:paragraph -->\n<p>Currently, we have a guillotine for cutting thin plates up to 9.5 mm, band saws for tube and profile cutting, as well as plate rolling machines, tube, bending machines, and press brakes.<\/p>\n<!-- \/wp:paragraph -->\n\n<!-- wp:paragraph -->\n<p>We have bench lathes and CNC lathes for manufacturing specific parts with various dimensions.&nbsp;<\/p>\n<!-- \/wp:paragraph -->\n\n<!-- wp:paragraph -->\n<p><strong>Materials:<\/strong> Carbon Steel, Stainless Steel, Aluminum, Alloy Steels, Polymeric Materials, etc.&nbsp;<\/p>\n<!-- \/wp:paragraph -->\n\n<!-- wp:paragraph -->\n<p><strong>Facilities: <\/strong>Usable ceiling height of 7,500 mm for equipment mounting.<\/p>\n<!-- \/wp:paragraph -->\n\n<!-- wp:paragraph -->\n<p><strong>Overheads cranes:<\/strong> All our facilities are equipped with overhead cranes with capacities of 32 tons (2 units), 12 tons (03 units), 10 tons (04 units), and 6 tons (05 units).<\/p>\n<!-- \/wp:paragraph -->\n\n<!-- wp:paragraph -->\n<p><strong>Welding manipulators:<\/strong> We have motorized welding towers for plate joining, plate rolling for cylinder fabrication (tanks, pressure vessels, etc.).<\/p>\n<!-- \/wp:paragraph -->\n\n<!-- wp:paragraph -->\n<p><strong>Plate rolling:<\/strong> Ca\u00e1bility to form diameters ranging from 350 mm to 6,000 mm with thicknesses ranging from 1.0 mm to 15. 88 mm and maximum width of 3,000 mm.&nbsp;<\/p>\n<!-- \/wp:paragraph -->\n\n<!-- wp:paragraph -->\n<p>Surface Treatment: Shot blasting booths and dedicated paint booths for each painting procedure.<\/p>\n<!-- \/wp:paragraph -->\n\n<!-- wp:paragraph -->\n<p><strong>Quality Control:<\/strong> The entire manufacturing process is accompanied by quality control, including dimensional control, radiography, and liquid penetrant testing, adhering to appropriate standards, procedures, or customer requirements.&nbsp;<br><strong>Shipping:<\/strong> Specific department for load and packaging analysis to optimize space utilization in transport vehicles.<\/p>\n<!-- \/wp:paragraph --><\/p>\n\t\t\t\t\t\t\t  \t\n\t\t\t\t\t  <\/div>\n\t\t\t\t    <\/div>\n\t\t\t\t<\/div>\n\t\t\t\t\n\t\t\t\t\t<div class=\"services-accordion\">\n\t\t\t\t\t<div class=\"services-accordion-header\" id=\"service1468\">\n\t\t\t\t\t  <a data-bs-toggle=\"collapse\" class=\"accordion-toggle\" data-parent=\"#servicesAccordion\" href=\"#service-1468\" aria-expanded=\"false\" aria-controls=\"service-1468\">\n\t\t\t\t\t\t<div class=\"open-detail float-right\">\n\t\t\t\t\t\t  <i class=\"fa fa-plus\" aria-hidden=\"true\"><\/i>\n\t\t\t\t\t\t  <i class=\"fa fa-minus\" aria-hidden=\"true\"><\/i>\n\t\t\t\t\t\t<\/div>\n\t\t\t\t\t\t<h5 class=\"accordion__title\">Heat Exchanger Refurbishment<\/h5>\n\t\t\t\t\t  <\/a>\n\t\t\t\t\t<\/div>\n\t\t\t\t    <div id=\"service-1468\" class=\"collapse in \" aria-labelledby=\"service-1468\">\n\t\t\t\t\t  <div class=\"services-content\">\n\t\t\t\t\t  \t<p><!-- wp:paragraph -->\n<p>In addition to manufacturing, we perform refurbishment on heat exchangers.<\/p>\n<!-- \/wp:paragraph -->\n\n<!-- wp:list -->\n<ul><!-- wp:list-item -->\n<li>Tube bundle cutting up to 2000 mm in diameter<\/li>\n<!-- \/wp:list-item -->\n\n<!-- wp:list-item -->\n<li>Replacement of connections installed in the shell or heads<\/li>\n<!-- \/wp:list-item -->\n\n<!-- wp:list-item -->\n<li>Reconstitution of head partitions<\/li>\n<!-- \/wp:list-item -->\n\n<!-- wp:list-item -->\n<li>Replacement of heads&nbsp;<\/li>\n<!-- \/wp:list-item -->\n\n<!-- wp:list-item -->\n<li>Replacement of shell expansions joints<\/li>\n<!-- \/wp:list-item -->\n\n<!-- wp:list-item -->\n<li>Shell replacement<\/li>\n<!-- \/wp:list-item -->\n\n<!-- wp:list-item -->\n<li>Expansion of tubes in the tube bundle<\/li>\n<!-- \/wp:list-item -->\n\n<!-- wp:list-item -->\n<li>Reconstitution of tube-to-tube sheet welds<\/li>\n<!-- \/wp:list-item -->\n\n<!-- wp:list-item -->\n<li>Partial or complete retubing of the tube bundle<\/li>\n<!-- \/wp:list-item -->\n\n<!-- wp:list-item -->\n<li>Replacement of sealing gaskets<\/li>\n<!-- \/wp:list-item -->\n\n<!-- wp:list-item -->\n<li>Replacement of fasteners<\/li>\n<!-- \/wp:list-item -->\n\n<!-- wp:list-item -->\n<li>Equipment repainting<\/li>\n<!-- \/wp:list-item --><\/ul>\n<!-- \/wp:list --><\/p>\n\t\t\t\t\t\t\t  \t\n\t\t\t\t\t  <\/div>\n\t\t\t\t    <\/div>\n\t\t\t\t<\/div>\n\t\t\t\t\n\t\t\t\t\t<div class=\"services-accordion\">\n\t\t\t\t\t<div class=\"services-accordion-header\" id=\"service1410\">\n\t\t\t\t\t  <a data-bs-toggle=\"collapse\" class=\"accordion-toggle\" data-parent=\"#servicesAccordion\" href=\"#service-1410\" aria-expanded=\"false\" aria-controls=\"service-1410\">\n\t\t\t\t\t\t<div class=\"open-detail float-right\">\n\t\t\t\t\t\t  <i class=\"fa fa-plus\" aria-hidden=\"true\"><\/i>\n\t\t\t\t\t\t  <i class=\"fa fa-minus\" aria-hidden=\"true\"><\/i>\n\t\t\t\t\t\t<\/div>\n\t\t\t\t\t\t<h5 class=\"accordion__title\">Maintenance, Refurbishment, and Modernization<\/h5>\n\t\t\t\t\t  <\/a>\n\t\t\t\t\t<\/div>\n\t\t\t\t    <div id=\"service-1410\" class=\"collapse in \" aria-labelledby=\"service-1410\">\n\t\t\t\t\t  <div class=\"services-content\">\n\t\t\t\t\t  \t<p><!-- wp:paragraph -->\n<p>We provide maintenance, refurbishment, and modernization services for equipment or industrial units.<\/p>\n<!-- \/wp:paragraph --><\/p>\n\t\t\t\t\t\t\t  \t\n\t\t\t\t\t  <\/div>\n\t\t\t\t    <\/div>\n\t\t\t\t<\/div>\n\t\t\t\t\n\t\t\t\t\t<div class=\"services-accordion\">\n\t\t\t\t\t<div class=\"services-accordion-header\" id=\"service1409\">\n\t\t\t\t\t  <a data-bs-toggle=\"collapse\" class=\"accordion-toggle\" data-parent=\"#servicesAccordion\" href=\"#service-1409\" aria-expanded=\"false\" aria-controls=\"service-1409\">\n\t\t\t\t\t\t<div class=\"open-detail float-right\">\n\t\t\t\t\t\t  <i class=\"fa fa-plus\" aria-hidden=\"true\"><\/i>\n\t\t\t\t\t\t  <i class=\"fa fa-minus\" aria-hidden=\"true\"><\/i>\n\t\t\t\t\t\t<\/div>\n\t\t\t\t\t\t<h5 class=\"accordion__title\">Industrial Mounting<\/h5>\n\t\t\t\t\t  <\/a>\n\t\t\t\t\t<\/div>\n\t\t\t\t    <div id=\"service-1409\" class=\"collapse in \" aria-labelledby=\"service-1409\">\n\t\t\t\t\t  <div class=\"services-content\">\n\t\t\t\t\t  \t<p><!-- wp:list -->\n<ul><!-- wp:list-item -->\n<li>Machine and Equipment Installation<\/li>\n<!-- \/wp:list-item -->\n\n<!-- wp:list-item -->\n<li>Technical support and assistance during machine and facility startup<\/li>\n<!-- \/wp:list-item -->\n\n<!-- wp:list-item -->\n<li>Industrial layout advisory&nbsp;<\/li>\n<!-- \/wp:list-item -->\n\n<!-- wp:list-item -->\n<li>Provision of mechanical and electrical labor for mounting\/installation.<\/li>\n<!-- \/wp:list-item --><\/ul>\n<!-- \/wp:list --><\/p>\n\t\t\t\t\t\t\t  \t\n\t\t\t\t\t  <\/div>\n\t\t\t\t    <\/div>\n\t\t\t\t<\/div>\n\t\t\t\t\n\t\t\t\t\t<div class=\"services-accordion\">\n\t\t\t\t\t<div class=\"services-accordion-header\" id=\"service1469\">\n\t\t\t\t\t  <a data-bs-toggle=\"collapse\" class=\"accordion-toggle\" data-parent=\"#servicesAccordion\" href=\"#service-1469\" aria-expanded=\"false\" aria-controls=\"service-1469\">\n\t\t\t\t\t\t<div class=\"open-detail float-right\">\n\t\t\t\t\t\t  <i class=\"fa fa-plus\" aria-hidden=\"true\"><\/i>\n\t\t\t\t\t\t  <i class=\"fa fa-minus\" aria-hidden=\"true\"><\/i>\n\t\t\t\t\t\t<\/div>\n\t\t\t\t\t\t<h5 class=\"accordion__title\">Technical Assistance<\/h5>\n\t\t\t\t\t  <\/a>\n\t\t\t\t\t<\/div>\n\t\t\t\t    <div id=\"service-1469\" class=\"collapse in \" aria-labelledby=\"service-1469\">\n\t\t\t\t\t  <div class=\"services-content\">\n\t\t\t\t\t  \t<p><!-- wp:paragraph -->\n<p>FWe offer technical assistance in terms of intellectual knowledge (training and knowledge sharing), technology (maintenance: inspections, adjustments, calibrations, repairs, software updates, etc.), and materials (spare parts for machinery).<\/p>\n<!-- \/wp:paragraph --><\/p>\n\t\t\t\t\t\t\t  \t\n\t\t\t\t\t  <\/div>\n\t\t\t\t    <\/div>\n\t\t\t\t<\/div>\n\t\t\t\t\n\t\n\t\t\t  <\/div>\n\n\t\t\t<\/div>\n\t\t\t\n\t\t    <div class=\"col-md-6 d-none d-md-block\">\n\t\t\t  <img decoding=\"async\" class=\"services-image\" src=\"https:\/\/ampla.ind.br\/wp-content\/uploads\/2023\/10\/servico-demo.png\" alt=\"Services\">\n\t\t\t<\/div>\n\t\t\t\n\t\t  <\/div>\n\t\t  \n\t\t<\/div>\n\t  <\/section>\n\n\n\t\t<section class=\"section-form-contato\" id=\"\">\n\t    \t<div class=\"container\">\n\t    \t\t<div class=\"row\">\n\n\t\t\t\t\t\t<div class=\"col-12 mb-4\">\n\t    \t\t\t\t<h2 class=\"sub-title\"><span class=\"mark d-none d-md-inline-block mr-3\"><\/span> Make a budget<\/h2>\n\t    \t\t\t<\/div>\n\t\t\n\t\t\n\t\t\t\t\t<div class=\"col-12\">\n\t\n\t\t\t\t\t\t<div id=\"piotnetforms\" class=\"piotnetforms piotnetforms-604\" data-piotnetforms-shortcode-id=\"604\"><form id=\"604\" class=\"piotnetforms__form\" onsubmit=\"return false\">\t\t\n\t\t<div class=\"p37323217 col-md-6 mb-5 piotnetforms-fields-wrapper piotnetforms-labels-above\">\n\t\t\t<div class=\"piotnetforms-field-type-text piotnetforms-field-group piotnetforms-column  piotnetforms-field-group-nome piotnetforms-col-100\">\n\t\t\t\t<label for=\"form-field-nome\" class=\"piotnetforms-field-label\">Nome<\/label><div data-piotnetforms-required><\/div><div class=\"piotnetforms-field-container\"><input size=\"1\" class=\"piotnetforms-field piotnetforms-size-\" type=\"text\" name=\"form_fields[nome]\" id=\"form-field-nome\" placeholder=\"Informe seu nome\" autocomplete=\"on\" data-piotnetforms-default-value=\"\" data-piotnetforms-id=\"604\"><\/div>\t\t\t<\/div>\n\t\t<\/div>\n\t\t\t\n\t\t<div class=\"p67070907 col-md-6 mb-5 piotnetforms-fields-wrapper piotnetforms-labels-above\">\n\t\t\t<div class=\"piotnetforms-field-type-email piotnetforms-field-group piotnetforms-column  piotnetforms-field-group-email piotnetforms-col-100\">\n\t\t\t\t<label for=\"form-field-email\" class=\"piotnetforms-field-label\">E-mail<\/label><div data-piotnetforms-required><\/div><div class=\"piotnetforms-field-container\"><input size=\"1\" class=\"piotnetforms-field piotnetforms-size-\" type=\"email\" name=\"form_fields[email]\" id=\"form-field-email\" placeholder=\"Informe seu e-mail\" autocomplete=\"on\" data-piotnetforms-default-value=\"\" data-piotnetforms-id=\"604\"><\/div>\t\t\t<\/div>\n\t\t<\/div>\n\t\t\t\n\t\t<div class=\"p70725673 col-md-6 mb-5 piotnetforms-fields-wrapper piotnetforms-labels-above\">\n\t\t\t<div class=\"piotnetforms-field-type-tel piotnetforms-field-group piotnetforms-column  piotnetforms-field-group-telefone piotnetforms-col-100\">\n\t\t\t\t<label for=\"form-field-telefone\" class=\"piotnetforms-field-label\">Telefone<\/label><div data-piotnetforms-required><\/div><div class=\"piotnetforms-field-container\"><input size=\"1\" class=\"piotnetforms-field piotnetforms-size-\" type=\"tel\" name=\"form_fields[telefone]\" id=\"form-field-telefone\" placeholder=\"Informe seu telefone\" autocomplete=\"on\" data-piotnetforms-default-value=\"\" data-piotnetforms-id=\"604\" pattern=\"[0-9()#&amp;+*-=.\\s]+\" title=\"Only numbers and phone characters (#, -, *, etc) are accepted.\"><\/div>\t\t\t<\/div>\n\t\t<\/div>\n\t\t\t\n\t\t<div class=\"p67077238 col-md-6 mb-5 piotnetforms-fields-wrapper piotnetforms-labels-above\">\n\t\t\t<div class=\"piotnetforms-field-type-select piotnetforms-field-group piotnetforms-column  piotnetforms-field-group-pa\u00eds piotnetforms-col-100 piotnetforms-field-required\">\n\t\t\t\t<label for=\"form-field-pa\u00eds\" class=\"piotnetforms-field-label\">Pa\u00eds<\/label><div data-piotnetforms-required><\/div><div class=\"piotnetforms-field-container\">\t\t<div class=\"piotnetforms-field piotnetforms-select-wrapper piotnetforms-select-drop-down\">\n\t\t\t<select name=\"form_fields[pa\u00eds]\" id=\"form-field-pa\u00eds\" class=\"piotnetforms-field-textual piotnetforms-size-\" data-piotnetforms-type=\"select\" required=\"required\" aria-required=\"true\" data-piotnetforms-id=\"604\" data-piotnetforms-default-value=\"\" data-options='[\"Selecione o pa\\u00eds\",\"Alemanha\",\"Argentina\",\"Brasil\",\"Paraguai\",\"Turquia\",\"Uruguai\"]'>\n\t\t\t\t<option value=\"Selecione o pa\u00eds\">Selecione o pa\u00eds<\/option><option value=\"Alemanha\">Alemanha<\/option><option value=\"Argentina\">Argentina<\/option><option value=\"Brasil\">Brasil<\/option><option value=\"Paraguai\">Paraguai<\/option><option value=\"Turquia\">Turquia<\/option><option value=\"Uruguai\">Uruguai<\/option>\t\t\t<\/select>\n\t\t<\/div>\n\t\t<\/div>\t\t\t<\/div>\n\t\t<\/div>\n\t\t\t\n\t\t<div class=\"p20601626 col-md-6 mb-5 piotnetforms-fields-wrapper piotnetforms-labels-above\">\n\t\t\t<div class=\"piotnetforms-field-type-text piotnetforms-field-group piotnetforms-column  piotnetforms-field-group-cidade piotnetforms-col-100\">\n\t\t\t\t<label for=\"form-field-cidade\" class=\"piotnetforms-field-label\">Cidade\/UF<\/label><div data-piotnetforms-required><\/div><div class=\"piotnetforms-field-container\"><input size=\"1\" class=\"piotnetforms-field piotnetforms-size-\" type=\"text\" name=\"form_fields[cidade]\" id=\"form-field-cidade\" placeholder=\"Informe sua cidade e estado\" autocomplete=\"on\" data-piotnetforms-default-value=\"\" data-piotnetforms-id=\"604\"><\/div>\t\t\t<\/div>\n\t\t<\/div>\n\t\t\t\n\t\t<div class=\"p78339762 col-md-6 mb-5 piotnetforms-fields-wrapper piotnetforms-labels-above\">\n\t\t\t<div class=\"piotnetforms-field-type-select piotnetforms-field-group piotnetforms-column  piotnetforms-field-group-servi\u00e7o piotnetforms-col-100 piotnetforms-field-required\">\n\t\t\t\t<label for=\"form-field-servi\u00e7o\" class=\"piotnetforms-field-label\">Servi\u00e7o desejado<\/label><div data-piotnetforms-required><\/div><div class=\"piotnetforms-field-container\">\t\t<div class=\"piotnetforms-field piotnetforms-select-wrapper piotnetforms-select-drop-down\">\n\t\t\t<select name=\"form_fields[servi\u00e7o]\" id=\"form-field-servi\u00e7o\" class=\"piotnetforms-field-textual piotnetforms-size-\" data-piotnetforms-type=\"select\" required=\"required\" aria-required=\"true\" data-piotnetforms-id=\"604\" data-piotnetforms-default-value=\"\" data-options='[\"Selecione o servi\\u00e7o|\",\"Caldeiraria\",\"Manuten\\u00e7\\u00e3o, Reforma e Moderniza\\u00e7\\u00e3o\",\"Montagens Industriais\"]'>\n\t\t\t\t<option value=\"\" selected=\"selected\">Selecione o servi\u00e7o<\/option><option value=\"Caldeiraria\">Caldeiraria<\/option><option value=\"Manuten\u00e7\u00e3o, Reforma e Moderniza\u00e7\u00e3o\">Manuten\u00e7\u00e3o, Reforma e Moderniza\u00e7\u00e3o<\/option><option value=\"Montagens Industriais\">Montagens Industriais<\/option>\t\t\t<\/select>\n\t\t<\/div>\n\t\t<\/div>\t\t\t<\/div>\n\t\t<\/div>\n\t\t\t\n\t\t<div class=\"p56116465 piotnetforms-fields-wrapper piotnetforms-labels-above\">\n\t\t\t<div class=\"piotnetforms-field-type-textarea piotnetforms-field-group piotnetforms-column  piotnetforms-field-group-mensagem piotnetforms-col-100 piotnetforms-field-required\">\n\t\t\t\t<label for=\"form-field-mensagem\" class=\"piotnetforms-field-label\">Mensagem<\/label><div data-piotnetforms-required><\/div><div class=\"piotnetforms-field-container\"><textarea class=\"piotnetforms-field-textual piotnetforms-field piotnetforms-size-\" name=\"form_fields[mensagem]\" id=\"form-field-mensagem\" rows=\"7\" placeholder=\"Digite aqui sua mensagem\" required=\"required\" aria-required=\"true\" data-piotnetforms-default-value=\"\" data-piotnetforms-id=\"604\"><\/textarea><\/div>\t\t\t<\/div>\n\t\t<\/div>\n\t<div class=\"piotnet-section p35999557\">\t\t\t\t\t\t<div class=\"piotnet-section__container\"\n\t\t>\n\t\t<div class=\"piotnet-column p17037970\">\t\t\t\t\t\t<div class=\"piotnet-column__inner\"\n\t\t\t>\n\t\t\t\t\t<\/div>\n\t\t<\/div><div class=\"piotnet-column p19396317\">\t\t\t\t\t\t<div class=\"piotnet-column__inner\"\n\t\t\t>\n\t\t\t\t\t<\/div>\n\t\t<\/div>\t\t\t<\/div>\n\t\t<\/div>\t\t\n\t\t<div class=\"p43403004 piotnetforms-fields-wrapper piotnetforms-labels-above\">\n\t\t\t<div class=\"piotnetforms-field-type-acceptance piotnetforms-field-group piotnetforms-column  piotnetforms-field-group-aceitar piotnetforms-col-100\">\n\t\t\t\t<div data-piotnetforms-required><\/div><div class=\"piotnetforms-field-container\"><div class=\"piotnetforms-field-subgroup piotnetforms-field-subgroup--native \"><span class=\"piotnetforms-field-option\"><input class=\"piotnetforms-field piotnetforms-size- piotnetforms-acceptance-field\" type=\"checkbox\" name=\"form_fields[aceitar]\" id=\"form-field-aceitar\" placeholder=\"Digite aqui sua mensagem\" autocomplete=\"on\" data-piotnetforms-default-value=\"\" data-piotnetforms-id=\"604\" value=\"yes\"> <label for=\"form-field-aceitar\">Ao clicar em &#8216;Solicitar or\u00e7amento&#8217;voc\u00ea concorda que entraremos em contato com voc\u00ea atrav\u00e9s de dados fornecidos. Esses dados ser\u00e3o armazenados internamente seguindo padr\u00f5es de seguran\u00e7a e nunca ser\u00e3o fornecidos para terceiros.<\/label><\/span><\/div><\/div>\t\t\t<\/div>\n\t\t<\/div>\n\t\n\t\t<div class=\"p51303200 g-4 piotnetforms-submit piotnetforms-button-wrapper\">\n\n\t\t\t\t<input type=\"hidden\" name=\"post_id\" value=\"604\" data-piotnetforms-hidden-form-id=\"604\"\/>\n\t\t<input type=\"hidden\" name=\"form_id\" value=\"p51303200\" data-piotnetforms-hidden-form-id=\"604\"\/>\n\t\t<input type=\"hidden\" name=\"remote_ip\" value=\"216.73.217.83\" data-piotnetforms-hidden-form-id=\"604\"\/>\n\n\t\t\n\t\t\n\t\t\n\t\t\n\t\t<button class=\"piotnetforms-button\" type=\"submit\" role=\"button\" data-piotnetforms-required-text=\"This field is required.\" data-piotnetforms-submit-form-id=\"604\" data-piotnetforms-submit-keyboard=\"false\" data-piotnetforms-submit-hide=\"false\">\n\t\t\t\t\t<span class=\"piotnetforms-button-content-wrapper\">\n\t\t\t<span class=\"piotnetforms-button-text piotnetforms-spinner\"><span class=\"icon-spinner-of-dots\"><\/span><\/span>\n\t\t\t\t\t\t<span class=\"piotnetforms-button-text\">Solicitar or\u00e7amento<\/span>\n\t\t<\/span>\n\t\t\t\t<\/button>\n\t\t\n\t\t        \t\t        \t\t\n\t\t\n\t\t\n        \n            \t\t<div id=\"piotnetforms-trigger-success-604\" data-piotnetforms-trigger-success=\"604\" style=\"display: none\"><\/div>\n\t\t<div id=\"piotnetforms-trigger-failed-604\" data-piotnetforms-trigger-failed=\"604\" style=\"display: none\"><\/div>\n\t\t<div class=\"piotnetforms-alert piotnetforms-alert--mail\">\n\t\t\t<div class=\"piotnetforms-message piotnetforms-message-success\" role=\"alert\" data-piotnetforms-message=\"The form was sent successfully.\">The form was sent successfully.<\/div>\n\t\t\t<div class=\"piotnetforms-message piotnetforms-message-danger\" role=\"alert\" data-piotnetforms-message=\"An error occured.\">An error occured.<\/div>\n\t\t\t<!-- <div class=\"piotnetforms-message piotnetforms-help-inline\" role=\"alert\">Server error. Form not sent.<\/div> -->\n\t\t<\/div>\n\t\t\t\t<\/div>\n\t\t<link rel=\"stylesheet\" href=\"https:\/\/ampla.ind.br\/wp-content\/uploads\/piotnetforms\/css\/604.css?ver=35\" media=\"all\"><\/form><\/div><div data-piotnetforms-ajax-url=\"https:\/\/ampla.ind.br\/wp-admin\/admin-ajax.php\"><\/div><div data-piotnetforms-plugin-url=\"https:\/\/ampla.ind.br\/wp-content\/plugins\"><\/div><div data-piotnetforms-tinymce-upload=\"https:\/\/ampla.ind.br\/wp-content\/plugins\/piotnetforms-pro\/inc\/forms\/tinymce\/tinymce-upload.php\"><\/div><div data-piotnetforms-stripe-key=\"\"><\/div><div class=\"piotnetforms-break-point\" data-piotnetforms-break-point-md=\"1025\" data-piotnetforms-break-point-lg=\"767\"><\/div>\t\t\n\t\t\t\t\t<\/div>\n\t\n\t\n\t    \t\t<\/div>\n\t    \t<\/div>\n\t    <\/section>\n\n","protected":false},"excerpt":{"rendered":"","protected":false},"author":1,"featured_media":0,"parent":0,"menu_order":0,"comment_status":"closed","ping_status":"closed","template":"page-servicos.php","meta":{"_acf_changed":false,"footnotes":""},"class_list":["post-1172","page","type-page","status-publish","hentry"],"acf":[],"yoast_head":"<!-- This site is optimized with the Yoast SEO plugin v27.4 - https:\/\/yoast.com\/product\/yoast-seo-wordpress\/ -->\n<title>Services - Ampla Performance Industrial<\/title>\n<meta name=\"robots\" content=\"index, follow, max-snippet:-1, max-image-preview:large, max-video-preview:-1\" \/>\n<link rel=\"canonical\" href=\"https:\/\/ampla.ind.br\/en\/services\/\" \/>\n<meta property=\"og:locale\" content=\"en_US\" \/>\n<meta property=\"og:type\" content=\"article\" \/>\n<meta property=\"og:title\" content=\"Services - Ampla Performance Industrial\" \/>\n<meta property=\"og:url\" content=\"https:\/\/ampla.ind.br\/en\/services\/\" \/>\n<meta property=\"og:site_name\" content=\"Ampla Performance Industrial\" \/>\n<meta property=\"article:modified_time\" content=\"2023-12-28T19:12:40+00:00\" \/>\n<meta name=\"twitter:card\" content=\"summary_large_image\" \/>\n<script type=\"application\/ld+json\" class=\"yoast-schema-graph\">{\"@context\":\"https:\\\/\\\/schema.org\",\"@graph\":[{\"@type\":\"WebPage\",\"@id\":\"https:\\\/\\\/ampla.ind.br\\\/en\\\/services\\\/\",\"url\":\"https:\\\/\\\/ampla.ind.br\\\/en\\\/services\\\/\",\"name\":\"Services - Ampla Performance Industrial\",\"isPartOf\":{\"@id\":\"https:\\\/\\\/ampla.ind.br\\\/en\\\/#website\"},\"datePublished\":\"2023-12-11T00:58:18+00:00\",\"dateModified\":\"2023-12-28T19:12:40+00:00\",\"breadcrumb\":{\"@id\":\"https:\\\/\\\/ampla.ind.br\\\/en\\\/services\\\/#breadcrumb\"},\"inLanguage\":\"en-US\",\"potentialAction\":[{\"@type\":\"ReadAction\",\"target\":[\"https:\\\/\\\/ampla.ind.br\\\/en\\\/services\\\/\"]}]},{\"@type\":\"BreadcrumbList\",\"@id\":\"https:\\\/\\\/ampla.ind.br\\\/en\\\/services\\\/#breadcrumb\",\"itemListElement\":[{\"@type\":\"ListItem\",\"position\":1,\"name\":\"In\u00edcio\",\"item\":\"https:\\\/\\\/ampla.ind.br\\\/en\\\/\"},{\"@type\":\"ListItem\",\"position\":2,\"name\":\"Services\"}]},{\"@type\":\"WebSite\",\"@id\":\"https:\\\/\\\/ampla.ind.br\\\/en\\\/#website\",\"url\":\"https:\\\/\\\/ampla.ind.br\\\/en\\\/\",\"name\":\"Ampla Performance Industrial\",\"description\":\"\",\"potentialAction\":[{\"@type\":\"SearchAction\",\"target\":{\"@type\":\"EntryPoint\",\"urlTemplate\":\"https:\\\/\\\/ampla.ind.br\\\/en\\\/?s={search_term_string}\"},\"query-input\":{\"@type\":\"PropertyValueSpecification\",\"valueRequired\":true,\"valueName\":\"search_term_string\"}}],\"inLanguage\":\"en-US\"}]}<\/script>\n<!-- \/ Yoast SEO plugin. -->","yoast_head_json":{"title":"Services - Ampla Performance Industrial","robots":{"index":"index","follow":"follow","max-snippet":"max-snippet:-1","max-image-preview":"max-image-preview:large","max-video-preview":"max-video-preview:-1"},"canonical":"https:\/\/ampla.ind.br\/en\/services\/","og_locale":"en_US","og_type":"article","og_title":"Services - Ampla Performance Industrial","og_url":"https:\/\/ampla.ind.br\/en\/services\/","og_site_name":"Ampla Performance Industrial","article_modified_time":"2023-12-28T19:12:40+00:00","twitter_card":"summary_large_image","schema":{"@context":"https:\/\/schema.org","@graph":[{"@type":"WebPage","@id":"https:\/\/ampla.ind.br\/en\/services\/","url":"https:\/\/ampla.ind.br\/en\/services\/","name":"Services - Ampla Performance Industrial","isPartOf":{"@id":"https:\/\/ampla.ind.br\/en\/#website"},"datePublished":"2023-12-11T00:58:18+00:00","dateModified":"2023-12-28T19:12:40+00:00","breadcrumb":{"@id":"https:\/\/ampla.ind.br\/en\/services\/#breadcrumb"},"inLanguage":"en-US","potentialAction":[{"@type":"ReadAction","target":["https:\/\/ampla.ind.br\/en\/services\/"]}]},{"@type":"BreadcrumbList","@id":"https:\/\/ampla.ind.br\/en\/services\/#breadcrumb","itemListElement":[{"@type":"ListItem","position":1,"name":"In\u00edcio","item":"https:\/\/ampla.ind.br\/en\/"},{"@type":"ListItem","position":2,"name":"Services"}]},{"@type":"WebSite","@id":"https:\/\/ampla.ind.br\/en\/#website","url":"https:\/\/ampla.ind.br\/en\/","name":"Ampla Performance Industrial","description":"","potentialAction":[{"@type":"SearchAction","target":{"@type":"EntryPoint","urlTemplate":"https:\/\/ampla.ind.br\/en\/?s={search_term_string}"},"query-input":{"@type":"PropertyValueSpecification","valueRequired":true,"valueName":"search_term_string"}}],"inLanguage":"en-US"}]}},"_links":{"self":[{"href":"https:\/\/ampla.ind.br\/en\/wp-json\/wp\/v2\/pages\/1172","targetHints":{"allow":["GET"]}}],"collection":[{"href":"https:\/\/ampla.ind.br\/en\/wp-json\/wp\/v2\/pages"}],"about":[{"href":"https:\/\/ampla.ind.br\/en\/wp-json\/wp\/v2\/types\/page"}],"author":[{"embeddable":true,"href":"https:\/\/ampla.ind.br\/en\/wp-json\/wp\/v2\/users\/1"}],"replies":[{"embeddable":true,"href":"https:\/\/ampla.ind.br\/en\/wp-json\/wp\/v2\/comments?post=1172"}],"version-history":[{"count":5,"href":"https:\/\/ampla.ind.br\/en\/wp-json\/wp\/v2\/pages\/1172\/revisions"}],"predecessor-version":[{"id":1606,"href":"https:\/\/ampla.ind.br\/en\/wp-json\/wp\/v2\/pages\/1172\/revisions\/1606"}],"wp:attachment":[{"href":"https:\/\/ampla.ind.br\/en\/wp-json\/wp\/v2\/media?parent=1172"}],"curies":[{"name":"wp","href":"https:\/\/api.w.org\/{rel}","templated":true}]}}