{"id":1107,"date":"2023-11-15T10:03:47","date_gmt":"2023-11-15T13:03:47","guid":{"rendered":"https:\/\/ampla.ind.br\/contact\/"},"modified":"2024-05-16T18:02:20","modified_gmt":"2024-05-16T21:02:20","slug":"contact","status":"publish","type":"page","link":"https:\/\/ampla.ind.br\/en\/contact\/","title":{"rendered":"Contact"},"content":{"rendered":"\n\n\t\t<section class=\"content\">\n\n\t    \t<div class=\"container\">\n\t    \t\t<div class=\"row\">\n\n\t    \t\t\t<div class=\"col\">\n\t    \t\t\t\t\n\t    \t\t\t\t<div class=\"page-header\">\n\t\t\t\t\t\t\t\t<h1 class=\"page-title\">Contact<\/h1>\n\t\t\n\t\t\t\t\t\t\t<\/div>\n\n\t\t\t\t\t\t\t<ul class=\"nav-social-contato mb-5\">\n\t\t\t\t\t\t\t\n\t\t\t\t\t\t\t\t\t<li class=\"nav-item\">\n\t\t\t\t\t\t\t\t<a class=\"nav-link active\" href=\"https:\/\/www.instagram.com\/ampla.ind\/\" title=\"Instagram\" target=\"_blank\">\n\t\t\t\t\t\t\t\t\t<i class=\"fa fa-instagram\" aria-hidden=\"true\"><\/i>\t\t\t\t\t\t\t\t\t<span>Instagram<\/span>\n\t\t\t\t\t\t\t\t<\/a>\n\t\t\t\t\t\t\t<\/li>\n\t\t\t\t\t\t\t\t\t<li class=\"nav-item\">\n\t\t\t\t\t\t\t\t<a class=\"nav-link active\" href=\"https:\/\/www.youtube.com\/@AMPLAIND\" title=\"Youtube\" target=\"_blank\">\n\t\t\t\t\t\t\t\t\t<i class=\"fa fa-youtube\" aria-hidden=\"true\"><\/i>\t\t\t\t\t\t\t\t\t<span>Youtube<\/span>\n\t\t\t\t\t\t\t\t<\/a>\n\t\t\t\t\t\t\t<\/li>\n\t\t\t\t\t\t\t\t\t<li class=\"nav-item\">\n\t\t\t\t\t\t\t\t<a class=\"nav-link active\" href=\"https:\/\/www.facebook.com\/ampla.ind\" title=\"Facebook\" target=\"_blank\">\n\t\t\t\t\t\t\t\t\t<i class=\"fa fa-fw fa-facebook\" aria-hidden=\"true\"><\/i>\t\t\t\t\t\t\t\t\t<span>Facebook<\/span>\n\t\t\t\t\t\t\t\t<\/a>\n\t\t\t\t\t\t\t<\/li>\n\t\t\t\t\t\t\t\t\n\t\t\t\t\t\t<\/ul>\n\t\n\t\t\t\t\t\t\t<ul class=\"contatos\">\n\t\t\t\t\t\t\t\t  \t<li>\n\t\t\t\t\t\t  \t\t<i>\n\t\t\t\t\t\t  \t\t\t<svg xmlns=\"http:\/\/www.w3.org\/2000\/svg\" version=\"1.1\" xmlns:xlink=\"http:\/\/www.w3.org\/1999\/xlink\" width=\"512\" height=\"512\" x=\"0\" y=\"0\" viewBox=\"0 0 64 64\" style=\"enable-background:new 0 0 512 512\" xml:space=\"preserve\" class=\"\"><g><path d=\"M60.85 46.11a4.74 4.74 0 0 0-2.41-3L46.07 36.7a4.71 4.71 0 0 0-6 1.37l-2 2.74a.72.72 0 0 1-.93.21 36.3 36.3 0 0 1-8-6.17 36.31 36.31 0 0 1-6.17-8 .72.72 0 0 1 .21-.93l2.73-2a4.71 4.71 0 0 0 1.37-6L20.91 5.56a4.73 4.73 0 0 0-6.82-1.76L6.32 9A7.48 7.48 0 0 0 3 15.69a37.64 37.64 0 0 0 .89 6.57C6 30.4 11.09 38.77 18.16 45.85S33.61 58 41.75 60.09a37.67 37.67 0 0 0 6.57.89h.5A7.48 7.48 0 0 0 55 57.69l5.18-7.77a4.73 4.73 0 0 0 .67-3.81Zm-4 1.58-5.15 7.78A3.5 3.5 0 0 1 48.58 57a34.57 34.57 0 0 1-5.83-.77C35.29 54.29 27.57 49.6 21 43S9.72 28.71 7.78 21.25A34.54 34.54 0 0 1 7 15.42a3.47 3.47 0 0 1 1.53-3.11l7.77-5.18a.71.71 0 0 1 .4-.12h.19a.72.72 0 0 1 .46.37l6.4 12.37a.73.73 0 0 1-.21.92l-2.73 2a4.72 4.72 0 0 0-1.28 6.13 40.54 40.54 0 0 0 6.8 8.81 40.52 40.52 0 0 0 8.81 6.8 4.72 4.72 0 0 0 6.13-1.28l2-2.74a.73.73 0 0 1 .92-.21l12.37 6.4a.73.73 0 0 1 .27 1.05Z\" fill=\"#7a8a97\" opacity=\"1\" data-original=\"#000000\" class=\"\"><\/path><\/g><\/svg>\n\t\t\t\t\t\t  \t\t<\/i>\n\t\t\t\t\t\t  \t\t<strong>Phone:<\/strong> +55 (54) 3341-6801\t\t\t\t\t\t  \t<\/li>\n\t\t\t\t\n\t\t\t\t\t\t\t\t  \t<li>\n\t\t\t\t\t\t  \t\t<i>\n\t\t\t\t\t\t  \t\t\t<svg xmlns=\"http:\/\/www.w3.org\/2000\/svg\" version=\"1.1\" xmlns:xlink=\"http:\/\/www.w3.org\/1999\/xlink\" width=\"512\" height=\"512\" x=\"0\" y=\"0\" viewBox=\"0 0 32 32\" style=\"enable-background:new 0 0 512 512\" xml:space=\"preserve\" class=\"\"><g><g fill=\"#000\"><g fill-rule=\"evenodd\" clip-rule=\"evenodd\"><path d=\"M7.25 5A.75.75 0 0 1 8 4.25h16a.75.75 0 0 1 .75.75v5a.75.75 0 0 1-1.5 0V5.75H8.75V10a.75.75 0 0 1-1.5 0zM7.25 19a.75.75 0 0 1 .75-.75h16a.75.75 0 0 1 .75.75v8.5a.75.75 0 0 1-.75.75H8a.75.75 0 0 1-.75-.75zm1.5.75v7h14.5v-7z\" fill=\"#7a8a97\" opacity=\"1\" data-original=\"#000000\" class=\"\"><\/path><path d=\"M5.662 10.75c-.83 0-1.412.619-1.412 1.25v9.25H8a.75.75 0 0 1 0 1.5H3.5a.75.75 0 0 1-.75-.75V12c0-1.569 1.367-2.75 2.913-2.75h20.675c1.544 0 2.912 1.181 2.912 2.75v10a.75.75 0 0 1-.75.75H24a.75.75 0 0 1 0-1.5h3.75V12c0-.631-.583-1.25-1.413-1.25z\" fill=\"#7a8a97\" opacity=\"1\" data-original=\"#000000\" class=\"\"><\/path><\/g><path d=\"M23.5 15.75a1.25 1.25 0 1 0 0-2.5 1.25 1.25 0 0 0 0 2.5z\" fill=\"#7a8a97\" opacity=\"1\" data-original=\"#000000\" class=\"\"><\/path><\/g><\/g><\/svg>\n\t\t\t\t\t\t  \t\t<\/i>\n\t\t\t\t\t\t  \t\t<strong>Fax:<\/strong> +55 (54) 3341-6801\t\t\t\t\t\t  \t<\/li>\n\t\t\t\t\t\t\t\t<\/ul>\n\t\n\t\t\t\t\t\t\t<address>\n\t\t\t\t\t\t  \t<i>\n\t\t\t\t\t\t  \t\t<svg xmlns=\"http:\/\/www.w3.org\/2000\/svg\" version=\"1.1\" xmlns:xlink=\"http:\/\/www.w3.org\/1999\/xlink\" width=\"512\" height=\"512\" x=\"0\" y=\"0\" viewBox=\"0 0 512 512\" style=\"enable-background:new 0 0 512 512\" xml:space=\"preserve\" class=\"\"><g><path d=\"M256 110.062c-52.412 0-95.053 42.641-95.053 95.053s42.641 95.053 95.053 95.053 95.053-42.641 95.053-95.053-42.64-95.053-95.053-95.053zm0 150.084c-30.344 0-55.031-24.687-55.031-55.031s24.687-55.031 55.031-55.031 55.031 24.687 55.031 55.031-24.687 55.031-55.031 55.031z\" fill=\"#7a8a97\" opacity=\"1\" data-original=\"#000000\" class=\"\"><\/path><path d=\"M256 0C142.899 0 50.885 92.015 50.885 205.115v5.67c0 57.2 32.794 123.856 97.474 198.113 46.888 53.832 93.121 91.368 95.065 92.94L256 512l12.576-10.161c1.945-1.572 48.178-39.108 95.065-92.94 64.679-74.258 97.474-140.913 97.474-198.113v-5.67C461.115 92.015 369.101 0 256 0zm165.093 210.786c0 96.665-124.551 213.68-165.093 249.202-40.553-35.533-165.093-152.544-165.093-249.202v-5.67c0-91.032 74.061-165.093 165.093-165.093s165.093 74.061 165.093 165.093v5.67z\" fill=\"#7a8a97\" opacity=\"1\" data-original=\"#000000\" class=\"\"><\/path><\/g><\/svg>\n\t\t\t\t\t\t  \t<\/i>\n\t\t\t\t\t\t\t<span>R. Alexandre Bramatti &#8211; 673, Centro,<br>Get\u00falio Vargas &#8211; RS, 99900-000<\/apan>\n\t\t\t\t\t\t<\/address>\n\t\t\t\t\t\t\t\n\t\n\t    \t\t\t<\/div>\n\n\t    \t\t\t\n\t\t\t\t\n\t\t\t\t\t<div class=\"col\">\n\t    \t\t\t\t<img decoding=\"async\" class=\"img-contato\" src=\"https:\/\/ampla.ind.br\/wp-content\/uploads\/2023\/12\/foto-contato-ampla.png\" alt=\"Contact\">\n\t    \t\t\t<\/div>\n\t\n\t    \t\t<\/div>\n\t    \t<\/div>\n\n\t    <\/section>\n\n\n\n\t\t<section class=\"section-form-contato\" id=\"\">\n\t    \t<div class=\"container\">\n\t    \t\t<div class=\"row\">\n\n\t\t\t\t\t\t<div class=\"col-12 mb-4\">\n\t    \t\t\t\t<h2 class=\"sub-title\"><span class=\"mark d-none d-md-inline-block mr-3\"><\/span> Contact Us<\/h2>\n\t    \t\t\t<\/div>\n\t\t\n\t\t\n\t\t\t\t\t<div class=\"col-12\">\n\t\n\t\t\t\t\t\t<div id=\"piotnetforms\" class=\"piotnetforms piotnetforms-604\" data-piotnetforms-shortcode-id=\"604\"><form id=\"604\" class=\"piotnetforms__form\" onsubmit=\"return false\">\t\t\n\t\t<div class=\"p37323217 col-md-6 mb-5 piotnetforms-fields-wrapper piotnetforms-labels-above\">\n\t\t\t<div class=\"piotnetforms-field-type-text piotnetforms-field-group piotnetforms-column  piotnetforms-field-group-nome piotnetforms-col-100\">\n\t\t\t\t<label for=\"form-field-nome\" class=\"piotnetforms-field-label\">Nome<\/label><div data-piotnetforms-required><\/div><div class=\"piotnetforms-field-container\"><input size=\"1\" class=\"piotnetforms-field piotnetforms-size-\" type=\"text\" name=\"form_fields[nome]\" id=\"form-field-nome\" placeholder=\"Informe seu nome\" autocomplete=\"on\" data-piotnetforms-default-value=\"\" data-piotnetforms-id=\"604\"><\/div>\t\t\t<\/div>\n\t\t<\/div>\n\t\t\t\n\t\t<div class=\"p67070907 col-md-6 mb-5 piotnetforms-fields-wrapper piotnetforms-labels-above\">\n\t\t\t<div class=\"piotnetforms-field-type-email piotnetforms-field-group piotnetforms-column  piotnetforms-field-group-email piotnetforms-col-100\">\n\t\t\t\t<label for=\"form-field-email\" class=\"piotnetforms-field-label\">E-mail<\/label><div data-piotnetforms-required><\/div><div class=\"piotnetforms-field-container\"><input size=\"1\" class=\"piotnetforms-field piotnetforms-size-\" type=\"email\" name=\"form_fields[email]\" id=\"form-field-email\" placeholder=\"Informe seu e-mail\" autocomplete=\"on\" data-piotnetforms-default-value=\"\" data-piotnetforms-id=\"604\"><\/div>\t\t\t<\/div>\n\t\t<\/div>\n\t\t\t\n\t\t<div class=\"p70725673 col-md-6 mb-5 piotnetforms-fields-wrapper piotnetforms-labels-above\">\n\t\t\t<div class=\"piotnetforms-field-type-tel piotnetforms-field-group piotnetforms-column  piotnetforms-field-group-telefone piotnetforms-col-100\">\n\t\t\t\t<label for=\"form-field-telefone\" class=\"piotnetforms-field-label\">Telefone<\/label><div data-piotnetforms-required><\/div><div class=\"piotnetforms-field-container\"><input size=\"1\" class=\"piotnetforms-field piotnetforms-size-\" type=\"tel\" name=\"form_fields[telefone]\" id=\"form-field-telefone\" placeholder=\"Informe seu telefone\" autocomplete=\"on\" data-piotnetforms-default-value=\"\" data-piotnetforms-id=\"604\" pattern=\"[0-9()#&amp;+*-=.\\s]+\" title=\"Only numbers and phone characters (#, -, *, etc) are accepted.\"><\/div>\t\t\t<\/div>\n\t\t<\/div>\n\t\t\t\n\t\t<div class=\"p67077238 col-md-6 mb-5 piotnetforms-fields-wrapper piotnetforms-labels-above\">\n\t\t\t<div class=\"piotnetforms-field-type-select piotnetforms-field-group piotnetforms-column  piotnetforms-field-group-pa\u00eds piotnetforms-col-100 piotnetforms-field-required\">\n\t\t\t\t<label for=\"form-field-pa\u00eds\" class=\"piotnetforms-field-label\">Pa\u00eds<\/label><div data-piotnetforms-required><\/div><div class=\"piotnetforms-field-container\">\t\t<div class=\"piotnetforms-field piotnetforms-select-wrapper piotnetforms-select-drop-down\">\n\t\t\t<select name=\"form_fields[pa\u00eds]\" id=\"form-field-pa\u00eds\" class=\"piotnetforms-field-textual piotnetforms-size-\" data-piotnetforms-type=\"select\" required=\"required\" aria-required=\"true\" data-piotnetforms-id=\"604\" data-piotnetforms-default-value=\"\" data-options='[\"Selecione o pa\\u00eds\",\"Alemanha\",\"Argentina\",\"Brasil\",\"Paraguai\",\"Turquia\",\"Uruguai\"]'>\n\t\t\t\t<option value=\"Selecione o pa\u00eds\">Selecione o pa\u00eds<\/option><option value=\"Alemanha\">Alemanha<\/option><option value=\"Argentina\">Argentina<\/option><option value=\"Brasil\">Brasil<\/option><option value=\"Paraguai\">Paraguai<\/option><option value=\"Turquia\">Turquia<\/option><option value=\"Uruguai\">Uruguai<\/option>\t\t\t<\/select>\n\t\t<\/div>\n\t\t<\/div>\t\t\t<\/div>\n\t\t<\/div>\n\t\t\t\n\t\t<div class=\"p20601626 col-md-6 mb-5 piotnetforms-fields-wrapper piotnetforms-labels-above\">\n\t\t\t<div class=\"piotnetforms-field-type-text piotnetforms-field-group piotnetforms-column  piotnetforms-field-group-cidade piotnetforms-col-100\">\n\t\t\t\t<label for=\"form-field-cidade\" class=\"piotnetforms-field-label\">Cidade\/UF<\/label><div data-piotnetforms-required><\/div><div class=\"piotnetforms-field-container\"><input size=\"1\" class=\"piotnetforms-field piotnetforms-size-\" type=\"text\" name=\"form_fields[cidade]\" id=\"form-field-cidade\" placeholder=\"Informe sua cidade e estado\" autocomplete=\"on\" data-piotnetforms-default-value=\"\" data-piotnetforms-id=\"604\"><\/div>\t\t\t<\/div>\n\t\t<\/div>\n\t\t\t\n\t\t<div class=\"p78339762 col-md-6 mb-5 piotnetforms-fields-wrapper piotnetforms-labels-above\">\n\t\t\t<div class=\"piotnetforms-field-type-select piotnetforms-field-group piotnetforms-column  piotnetforms-field-group-servi\u00e7o piotnetforms-col-100 piotnetforms-field-required\">\n\t\t\t\t<label for=\"form-field-servi\u00e7o\" class=\"piotnetforms-field-label\">Servi\u00e7o desejado<\/label><div data-piotnetforms-required><\/div><div class=\"piotnetforms-field-container\">\t\t<div class=\"piotnetforms-field piotnetforms-select-wrapper piotnetforms-select-drop-down\">\n\t\t\t<select name=\"form_fields[servi\u00e7o]\" id=\"form-field-servi\u00e7o\" class=\"piotnetforms-field-textual piotnetforms-size-\" data-piotnetforms-type=\"select\" required=\"required\" aria-required=\"true\" data-piotnetforms-id=\"604\" data-piotnetforms-default-value=\"\" data-options='[\"Selecione o servi\\u00e7o|\",\"Caldeiraria\",\"Manuten\\u00e7\\u00e3o, Reforma e Moderniza\\u00e7\\u00e3o\",\"Montagens Industriais\"]'>\n\t\t\t\t<option value=\"\" selected=\"selected\">Selecione o servi\u00e7o<\/option><option value=\"Caldeiraria\">Caldeiraria<\/option><option value=\"Manuten\u00e7\u00e3o, Reforma e Moderniza\u00e7\u00e3o\">Manuten\u00e7\u00e3o, Reforma e Moderniza\u00e7\u00e3o<\/option><option value=\"Montagens Industriais\">Montagens Industriais<\/option>\t\t\t<\/select>\n\t\t<\/div>\n\t\t<\/div>\t\t\t<\/div>\n\t\t<\/div>\n\t\t\t\n\t\t<div class=\"p56116465 piotnetforms-fields-wrapper piotnetforms-labels-above\">\n\t\t\t<div class=\"piotnetforms-field-type-textarea piotnetforms-field-group piotnetforms-column  piotnetforms-field-group-mensagem piotnetforms-col-100 piotnetforms-field-required\">\n\t\t\t\t<label for=\"form-field-mensagem\" class=\"piotnetforms-field-label\">Mensagem<\/label><div data-piotnetforms-required><\/div><div class=\"piotnetforms-field-container\"><textarea class=\"piotnetforms-field-textual piotnetforms-field piotnetforms-size-\" name=\"form_fields[mensagem]\" id=\"form-field-mensagem\" rows=\"7\" placeholder=\"Digite aqui sua mensagem\" required=\"required\" aria-required=\"true\" data-piotnetforms-default-value=\"\" data-piotnetforms-id=\"604\"><\/textarea><\/div>\t\t\t<\/div>\n\t\t<\/div>\n\t<div class=\"piotnet-section p35999557\">\t\t\t\t\t\t<div class=\"piotnet-section__container\"\n\t\t>\n\t\t<div class=\"piotnet-column p17037970\">\t\t\t\t\t\t<div class=\"piotnet-column__inner\"\n\t\t\t>\n\t\t\t\t\t<\/div>\n\t\t<\/div><div class=\"piotnet-column p19396317\">\t\t\t\t\t\t<div class=\"piotnet-column__inner\"\n\t\t\t>\n\t\t\t\t\t<\/div>\n\t\t<\/div>\t\t\t<\/div>\n\t\t<\/div>\t\t\n\t\t<div class=\"p43403004 piotnetforms-fields-wrapper piotnetforms-labels-above\">\n\t\t\t<div class=\"piotnetforms-field-type-acceptance piotnetforms-field-group piotnetforms-column  piotnetforms-field-group-aceitar piotnetforms-col-100\">\n\t\t\t\t<div data-piotnetforms-required><\/div><div class=\"piotnetforms-field-container\"><div class=\"piotnetforms-field-subgroup piotnetforms-field-subgroup--native \"><span class=\"piotnetforms-field-option\"><input class=\"piotnetforms-field piotnetforms-size- piotnetforms-acceptance-field\" type=\"checkbox\" name=\"form_fields[aceitar]\" id=\"form-field-aceitar\" placeholder=\"Digite aqui sua mensagem\" autocomplete=\"on\" data-piotnetforms-default-value=\"\" data-piotnetforms-id=\"604\" value=\"yes\"> <label for=\"form-field-aceitar\">Ao clicar em &#8216;Solicitar or\u00e7amento&#8217;voc\u00ea concorda que entraremos em contato com voc\u00ea atrav\u00e9s de dados fornecidos. Esses dados ser\u00e3o armazenados internamente seguindo padr\u00f5es de seguran\u00e7a e nunca ser\u00e3o fornecidos para terceiros.<\/label><\/span><\/div><\/div>\t\t\t<\/div>\n\t\t<\/div>\n\t\n\t\t<div class=\"p51303200 g-4 piotnetforms-submit piotnetforms-button-wrapper\">\n\n\t\t\t\t<input type=\"hidden\" name=\"post_id\" value=\"604\" data-piotnetforms-hidden-form-id=\"604\"\/>\n\t\t<input type=\"hidden\" name=\"form_id\" value=\"p51303200\" data-piotnetforms-hidden-form-id=\"604\"\/>\n\t\t<input type=\"hidden\" name=\"remote_ip\" value=\"216.73.216.173\" data-piotnetforms-hidden-form-id=\"604\"\/>\n\n\t\t\n\t\t\n\t\t\n\t\t\n\t\t<button class=\"piotnetforms-button\" type=\"submit\" role=\"button\" data-piotnetforms-required-text=\"This field is required.\" data-piotnetforms-submit-form-id=\"604\" data-piotnetforms-submit-keyboard=\"false\" data-piotnetforms-submit-hide=\"false\">\n\t\t\t\t\t<span class=\"piotnetforms-button-content-wrapper\">\n\t\t\t<span class=\"piotnetforms-button-text piotnetforms-spinner\"><span class=\"icon-spinner-of-dots\"><\/span><\/span>\n\t\t\t\t\t\t<span class=\"piotnetforms-button-text\">Solicitar or\u00e7amento<\/span>\n\t\t<\/span>\n\t\t\t\t<\/button>\n\t\t\n\t\t        \t\t        \t\t\n\t\t\n\t\t\n        \n            \t\t<div id=\"piotnetforms-trigger-success-604\" data-piotnetforms-trigger-success=\"604\" style=\"display: none\"><\/div>\n\t\t<div id=\"piotnetforms-trigger-failed-604\" data-piotnetforms-trigger-failed=\"604\" style=\"display: none\"><\/div>\n\t\t<div class=\"piotnetforms-alert piotnetforms-alert--mail\">\n\t\t\t<div class=\"piotnetforms-message piotnetforms-message-success\" role=\"alert\" data-piotnetforms-message=\"The form was sent successfully.\">The form was sent successfully.<\/div>\n\t\t\t<div class=\"piotnetforms-message piotnetforms-message-danger\" role=\"alert\" data-piotnetforms-message=\"An error occured.\">An error occured.<\/div>\n\t\t\t<!-- <div class=\"piotnetforms-message piotnetforms-help-inline\" role=\"alert\">Server error. Form not sent.<\/div> -->\n\t\t<\/div>\n\t\t\t\t<\/div>\n\t\t<link rel=\"stylesheet\" href=\"https:\/\/ampla.ind.br\/wp-content\/uploads\/piotnetforms\/css\/604.css?ver=35\" media=\"all\"><\/form><\/div><div data-piotnetforms-ajax-url=\"https:\/\/ampla.ind.br\/wp-admin\/admin-ajax.php\"><\/div><div data-piotnetforms-plugin-url=\"https:\/\/ampla.ind.br\/wp-content\/plugins\"><\/div><div data-piotnetforms-tinymce-upload=\"https:\/\/ampla.ind.br\/wp-content\/plugins\/piotnetforms-pro\/inc\/forms\/tinymce\/tinymce-upload.php\"><\/div><div data-piotnetforms-stripe-key=\"\"><\/div><div class=\"piotnetforms-break-point\" data-piotnetforms-break-point-md=\"1025\" data-piotnetforms-break-point-lg=\"767\"><\/div>\t\t\n\t\t\t\t\t<\/div>\n\t\n\t\n\t    \t\t<\/div>\n\t    \t<\/div>\n\t    <\/section>\n\n\n\n\t\t<section class=\"local-contato\">\n\t    \t<div class=\"container\">\n\t    \t\t<div class=\"row\">\n\n\t\t\t\t\t<div class=\"col-12 mb-5 mt-4\">\n\t    \t\t\t\t<h2 class=\"sub-title\">Address<\/h2>\n\t    \t\t\t<\/div>\n\n\t    \t\t\t<div style=\"display:none;\">\n\t    \t\t\t\t<div class=\"pin-map\">\n\t    \t\t\t\t\t<h5><\/h5>\n\t    \t\t\t\t<\/div>\n\t    \t\t\t\t\n\t\t    \t\t\t<\/div>\n\t    \t\t\t\n\t    \t\t\t<div class=\"col-md-12 maps\" id=\"map\" style=\"height: 420px;\"><\/div>\n\n\t    \t\t<\/div>\n\t    \t<\/div>\n\t    <\/section>","protected":false},"excerpt":{"rendered":"","protected":false},"author":1,"featured_media":0,"parent":0,"menu_order":0,"comment_status":"closed","ping_status":"closed","template":"page-contato.php","meta":{"_acf_changed":false,"footnotes":""},"class_list":["post-1107","page","type-page","status-publish","hentry"],"acf":[],"yoast_head":"<!-- This site is optimized with the Yoast SEO plugin v27.2 - https:\/\/yoast.com\/product\/yoast-seo-wordpress\/ -->\n<title>Contact - Ampla Performance Industrial<\/title>\n<meta name=\"robots\" content=\"index, follow, max-snippet:-1, max-image-preview:large, max-video-preview:-1\" \/>\n<link rel=\"canonical\" href=\"https:\/\/ampla.ind.br\/en\/contact\/\" \/>\n<meta property=\"og:locale\" content=\"en_US\" \/>\n<meta property=\"og:type\" content=\"article\" \/>\n<meta property=\"og:title\" content=\"Contact - Ampla Performance Industrial\" \/>\n<meta property=\"og:url\" content=\"https:\/\/ampla.ind.br\/en\/contact\/\" \/>\n<meta property=\"og:site_name\" content=\"Ampla Performance Industrial\" \/>\n<meta property=\"article:modified_time\" content=\"2024-05-16T21:02:20+00:00\" \/>\n<meta name=\"twitter:card\" content=\"summary_large_image\" \/>\n<script type=\"application\/ld+json\" class=\"yoast-schema-graph\">{\"@context\":\"https:\/\/schema.org\",\"@graph\":[{\"@type\":\"WebPage\",\"@id\":\"https:\/\/ampla.ind.br\/en\/contact\/\",\"url\":\"https:\/\/ampla.ind.br\/en\/contact\/\",\"name\":\"Contact - Ampla Performance Industrial\",\"isPartOf\":{\"@id\":\"https:\/\/ampla.ind.br\/en\/#website\"},\"datePublished\":\"2023-11-15T13:03:47+00:00\",\"dateModified\":\"2024-05-16T21:02:20+00:00\",\"breadcrumb\":{\"@id\":\"https:\/\/ampla.ind.br\/en\/contact\/#breadcrumb\"},\"inLanguage\":\"en-US\",\"potentialAction\":[{\"@type\":\"ReadAction\",\"target\":[\"https:\/\/ampla.ind.br\/en\/contact\/\"]}]},{\"@type\":\"BreadcrumbList\",\"@id\":\"https:\/\/ampla.ind.br\/en\/contact\/#breadcrumb\",\"itemListElement\":[{\"@type\":\"ListItem\",\"position\":1,\"name\":\"In\u00edcio\",\"item\":\"https:\/\/ampla.ind.br\/en\/\"},{\"@type\":\"ListItem\",\"position\":2,\"name\":\"Contact\"}]},{\"@type\":\"WebSite\",\"@id\":\"https:\/\/ampla.ind.br\/en\/#website\",\"url\":\"https:\/\/ampla.ind.br\/en\/\",\"name\":\"Ampla Performance Industrial\",\"description\":\"\",\"potentialAction\":[{\"@type\":\"SearchAction\",\"target\":{\"@type\":\"EntryPoint\",\"urlTemplate\":\"https:\/\/ampla.ind.br\/en\/?s={search_term_string}\"},\"query-input\":{\"@type\":\"PropertyValueSpecification\",\"valueRequired\":true,\"valueName\":\"search_term_string\"}}],\"inLanguage\":\"en-US\"}]}<\/script>\n<!-- \/ Yoast SEO plugin. -->","yoast_head_json":{"title":"Contact - Ampla Performance Industrial","robots":{"index":"index","follow":"follow","max-snippet":"max-snippet:-1","max-image-preview":"max-image-preview:large","max-video-preview":"max-video-preview:-1"},"canonical":"https:\/\/ampla.ind.br\/en\/contact\/","og_locale":"en_US","og_type":"article","og_title":"Contact - Ampla Performance Industrial","og_url":"https:\/\/ampla.ind.br\/en\/contact\/","og_site_name":"Ampla Performance Industrial","article_modified_time":"2024-05-16T21:02:20+00:00","twitter_card":"summary_large_image","schema":{"@context":"https:\/\/schema.org","@graph":[{"@type":"WebPage","@id":"https:\/\/ampla.ind.br\/en\/contact\/","url":"https:\/\/ampla.ind.br\/en\/contact\/","name":"Contact - Ampla Performance Industrial","isPartOf":{"@id":"https:\/\/ampla.ind.br\/en\/#website"},"datePublished":"2023-11-15T13:03:47+00:00","dateModified":"2024-05-16T21:02:20+00:00","breadcrumb":{"@id":"https:\/\/ampla.ind.br\/en\/contact\/#breadcrumb"},"inLanguage":"en-US","potentialAction":[{"@type":"ReadAction","target":["https:\/\/ampla.ind.br\/en\/contact\/"]}]},{"@type":"BreadcrumbList","@id":"https:\/\/ampla.ind.br\/en\/contact\/#breadcrumb","itemListElement":[{"@type":"ListItem","position":1,"name":"In\u00edcio","item":"https:\/\/ampla.ind.br\/en\/"},{"@type":"ListItem","position":2,"name":"Contact"}]},{"@type":"WebSite","@id":"https:\/\/ampla.ind.br\/en\/#website","url":"https:\/\/ampla.ind.br\/en\/","name":"Ampla Performance Industrial","description":"","potentialAction":[{"@type":"SearchAction","target":{"@type":"EntryPoint","urlTemplate":"https:\/\/ampla.ind.br\/en\/?s={search_term_string}"},"query-input":{"@type":"PropertyValueSpecification","valueRequired":true,"valueName":"search_term_string"}}],"inLanguage":"en-US"}]}},"_links":{"self":[{"href":"https:\/\/ampla.ind.br\/en\/wp-json\/wp\/v2\/pages\/1107","targetHints":{"allow":["GET"]}}],"collection":[{"href":"https:\/\/ampla.ind.br\/en\/wp-json\/wp\/v2\/pages"}],"about":[{"href":"https:\/\/ampla.ind.br\/en\/wp-json\/wp\/v2\/types\/page"}],"author":[{"embeddable":true,"href":"https:\/\/ampla.ind.br\/en\/wp-json\/wp\/v2\/users\/1"}],"replies":[{"embeddable":true,"href":"https:\/\/ampla.ind.br\/en\/wp-json\/wp\/v2\/comments?post=1107"}],"version-history":[{"count":3,"href":"https:\/\/ampla.ind.br\/en\/wp-json\/wp\/v2\/pages\/1107\/revisions"}],"predecessor-version":[{"id":2423,"href":"https:\/\/ampla.ind.br\/en\/wp-json\/wp\/v2\/pages\/1107\/revisions\/2423"}],"wp:attachment":[{"href":"https:\/\/ampla.ind.br\/en\/wp-json\/wp\/v2\/media?parent=1107"}],"curies":[{"name":"wp","href":"https:\/\/api.w.org\/{rel}","templated":true}]}}